{"id":3328,"date":"2025-11-10T22:10:49","date_gmt":"2025-11-10T22:10:49","guid":{"rendered":"https:\/\/buildursite.com\/?page_id=3328"},"modified":"2025-11-13T11:31:19","modified_gmt":"2025-11-13T11:31:19","slug":"ana-sayfa","status":"publish","type":"page","link":"https:\/\/buildursite.com\/en\/","title":{"rendered":"Home Page"},"content":{"rendered":"<div data-elementor-type=\"wp-page\" data-elementor-id=\"3328\" class=\"elementor elementor-3328\">\n\t\t\t\t<div class=\"elementor-element elementor-element-19fbec9 e-flex e-con-boxed e-con e-parent\" data-id=\"19fbec9\" data-element_type=\"container\" data-e-type=\"container\">\n\t\t\t\t\t<div class=\"e-con-inner\">\n\t\t\t\t\t<\/div>\n\t\t\t\t<\/div>\n\t\t<div class=\"elementor-element elementor-element-cfdb964 e-con-full e-flex e-con e-parent\" data-id=\"cfdb964\" data-element_type=\"container\" data-e-type=\"container\">\n\t\t\t\t<div class=\"elementor-element elementor-element-f2e942c animated-slow elementor-invisible elementor-widget elementor-widget-text-editor\" data-id=\"f2e942c\" data-element_type=\"widget\" data-e-type=\"widget\" data-settings=\"{&quot;_animation&quot;:&quot;slideInUp&quot;}\" data-widget_type=\"text-editor.default\">\n\t\t\t\t<div class=\"elementor-widget-container\">\n\t\t\t\t\t\t\t\t\t<div style=\"position: relative; font-family: 'Poppins', sans-serif; overflow: hidden; border-radius: 12px;\">\n\n  <!-- Arka plan g\u00f6rsel -->\n  <img decoding=\"async\" \n    src=\"https:\/\/buildursite.com\/wp-content\/uploads\/2025\/11\/yazilimcilar-icin-yapay-zeka-ile-kod-yazma-araclari.png\" \n    alt=\"Hayallerinizi ger\u00e7e\u011fe d\u00f6n\u00fc\u015ft\u00fcren web tasar\u0131mlar\u0131. Modern, h\u0131zl\u0131 ve kullan\u0131c\u0131 odakl\u0131 sitelerle markan\u0131z\u0131 dijital d\u00fcnyada \u00f6ne \u00e7\u0131kar\u0131yoruz. Size \u00f6zel tasar\u0131m, g\u00fc\u00e7l\u00fc altyap\u0131 ve sat\u0131\u015f odakl\u0131 \u00e7\u00f6z\u00fcmler \u2014 hepsi tek bir yerde.\" \n    style=\"width: 100%; height: auto; border-radius: 12px; filter: brightness(65%); display: block;\"\n  \/>\n\n  <!-- Yar\u0131 saydam arka plan katman\u0131 -->\n  <div style=\"position: absolute; inset: 0; background: linear-gradient(90deg, rgba(0,0,0,0.45) 35%, rgba(0,0,0,0.1) 100%); border-radius: 12px;\"><\/div>\n\n  <!-- Yaz\u0131 alan\u0131 -->\n  <div style=\"      position: absolute;      top: 50%;      left: 8%;      transform: translateY(-50%);      color: #fff;      text-align: left;      max-width: 90%;      padding: 2vw;  \">\n    <h2 style=\"        font-size: clamp(20px, 4vw, 38px);        font-weight: 700;        line-height: 1.3;        margin-bottom: 12px;        color: #4da3ff;    \">\n      Web designs that turn your dreams into reality.\n    <\/h2>\n\n    <p style=\"        font-size: clamp(14px, 2.2vw, 18px);        line-height: 1.6;        margin: 0;    \">\n      We elevate your brand in the digital world with modern, fast, and user-focused websites.\nCustom design, robust infrastructure, and sales-driven solutions \u2014 all in one place.\n    <\/p>\n  <\/div>\n\n<\/div>\n\t\t\t\t\t\t\t\t<\/div>\n\t\t\t\t<\/div>\n\t\t\t\t<\/div>\n\t\t<div class=\"elementor-element elementor-element-274653c e-flex e-con-boxed e-con e-parent\" data-id=\"274653c\" data-element_type=\"container\" data-e-type=\"container\">\n\t\t\t\t\t<div class=\"e-con-inner\">\n\t\t\t\t<div class=\"elementor-element elementor-element-4fe145d elementor-widget elementor-widget-spacer\" data-id=\"4fe145d\" data-element_type=\"widget\" data-e-type=\"widget\" data-widget_type=\"spacer.default\">\n\t\t\t\t<div class=\"elementor-widget-container\">\n\t\t\t\t\t\t\t<div class=\"elementor-spacer\">\n\t\t\t<div class=\"elementor-spacer-inner\"><\/div>\n\t\t<\/div>\n\t\t\t\t\t\t<\/div>\n\t\t\t\t<\/div>\n\t\t\t\t\t<\/div>\n\t\t\t\t<\/div>\n\t\t<div class=\"elementor-element elementor-element-1bbc13f e-con-full e-flex e-con e-parent\" data-id=\"1bbc13f\" data-element_type=\"container\" data-e-type=\"container\">\n\t\t<div class=\"elementor-element elementor-element-346daaa e-con-full e-flex e-con e-child\" data-id=\"346daaa\" data-element_type=\"container\" data-e-type=\"container\">\n\t\t\t\t<div class=\"elementor-element elementor-element-6332341 elementor-invisible elementor-widget elementor-widget-text-editor\" data-id=\"6332341\" data-element_type=\"widget\" data-e-type=\"widget\" data-settings=\"{&quot;_animation&quot;:&quot;fadeInLeft&quot;}\" data-widget_type=\"text-editor.default\">\n\t\t\t\t<div class=\"elementor-widget-container\">\n\t\t\t\t\t\t\t\t\t<h3 data-start=\"98\" data-end=\"119\">\u2728 <strong data-start=\"104\" data-end=\"115\">Design<\/strong> \u2728<\/h3><p data-start=\"120\" data-end=\"331\">We create modern, user-experience\u2013focused web designs that reflect your brand at its best.\nBy combining simplicity, aesthetics, and functionality, we ensure your visitors are impressed from the very first second.<\/p>\t\t\t\t\t\t\t\t<\/div>\n\t\t\t\t<\/div>\n\t\t\t\t<\/div>\n\t\t<div class=\"elementor-element elementor-element-f9610da e-con-full e-flex e-con e-child\" data-id=\"f9610da\" data-element_type=\"container\" data-e-type=\"container\">\n\t\t\t\t<div class=\"elementor-element elementor-element-dc9cc3a elementor-invisible elementor-widget elementor-widget-text-editor\" data-id=\"dc9cc3a\" data-element_type=\"widget\" data-e-type=\"widget\" data-settings=\"{&quot;_animation&quot;:&quot;fadeInRight&quot;}\" data-widget_type=\"text-editor.default\">\n\t\t\t\t<div class=\"elementor-widget-container\">\n\t\t\t\t\t\t\t\t\t<h3 data-start=\"333\" data-end=\"358\">\ud83d\uded2 <strong data-start=\"340\" data-end=\"353\">E-Commerce<\/strong> \ud83d\uded2<\/h3><p data-start=\"359\" data-end=\"535\">We build fast, secure e-commerce infrastructures designed to boost your sales.\nWith user-friendly interfaces and an easy-to-manage dashboard, you can handle your products efficiently and save valuable time.<\/p>\t\t\t\t\t\t\t\t<\/div>\n\t\t\t\t<\/div>\n\t\t\t\t<\/div>\n\t\t<div class=\"elementor-element elementor-element-01e6639 e-con-full e-flex e-con e-child\" data-id=\"01e6639\" data-element_type=\"container\" data-e-type=\"container\">\n\t\t\t\t<div class=\"elementor-element elementor-element-cffaff6 elementor-invisible elementor-widget elementor-widget-text-editor\" data-id=\"cffaff6\" data-element_type=\"widget\" data-e-type=\"widget\" data-settings=\"{&quot;_animation&quot;:&quot;fadeInUp&quot;}\" data-widget_type=\"text-editor.default\">\n\t\t\t\t<div class=\"elementor-widget-container\">\n\t\t\t\t\t\t\t\t\t<h3 data-start=\"734\" data-end=\"759\">\ud83d\ude80 <strong data-start=\"741\" data-end=\"754\">Marketing<\/strong> \ud83d\ude80<\/h3><p data-start=\"760\" data-end=\"917\">We increase your visibility in the digital world.\nWith goal-oriented strategies, we connect your brand with the right audience, boosting engagement and conversions.<\/p>\t\t\t\t\t\t\t\t<\/div>\n\t\t\t\t<\/div>\n\t\t\t\t<\/div>\n\t\t\t\t<\/div>\n\t\t<div class=\"elementor-element elementor-element-38387a0 e-flex e-con-boxed e-con e-parent\" data-id=\"38387a0\" data-element_type=\"container\" data-e-type=\"container\">\n\t\t\t\t\t<div class=\"e-con-inner\">\n\t\t\t\t<div class=\"elementor-element elementor-element-2cddd21 elementor-widget elementor-widget-spacer\" data-id=\"2cddd21\" data-element_type=\"widget\" data-e-type=\"widget\" data-widget_type=\"spacer.default\">\n\t\t\t\t<div class=\"elementor-widget-container\">\n\t\t\t\t\t\t\t<div class=\"elementor-spacer\">\n\t\t\t<div class=\"elementor-spacer-inner\"><\/div>\n\t\t<\/div>\n\t\t\t\t\t\t<\/div>\n\t\t\t\t<\/div>\n\t\t\t\t\t<\/div>\n\t\t\t\t<\/div>\n\t\t<div class=\"elementor-element elementor-element-780f377 e-con-full e-flex e-con e-parent\" data-id=\"780f377\" data-element_type=\"container\" data-e-type=\"container\">\n\t\t<div class=\"elementor-element elementor-element-5b4f9ba e-con-full e-flex e-con e-child\" data-id=\"5b4f9ba\" data-element_type=\"container\" data-e-type=\"container\">\n\t\t\t\t<div class=\"elementor-element elementor-element-8847beb elementor-invisible elementor-widget elementor-widget-text-editor\" data-id=\"8847beb\" data-element_type=\"widget\" data-e-type=\"widget\" data-settings=\"{&quot;_animation&quot;:&quot;fadeInLeft&quot;}\" data-widget_type=\"text-editor.default\">\n\t\t\t\t<div class=\"elementor-widget-container\">\n\t\t\t\t\t\t\t\t\t<h3 data-start=\"537\" data-end=\"563\">\u2699\ufe0f <strong data-start=\"544\" data-end=\"558\">Development<\/strong> \u2699\ufe0f<\/h3><p data-start=\"564\" data-end=\"732\">We build high-performance websites that work flawlessly on every device.\nYour site loads fast, runs smoothly, and can be scaled according to your needs.<\/p>\t\t\t\t\t\t\t\t<\/div>\n\t\t\t\t<\/div>\n\t\t\t\t<\/div>\n\t\t<div class=\"elementor-element elementor-element-a0df570 e-con-full e-flex e-con e-child\" data-id=\"a0df570\" data-element_type=\"container\" data-e-type=\"container\">\n\t\t\t\t<div class=\"elementor-element elementor-element-7f25614 elementor-invisible elementor-widget elementor-widget-text-editor\" data-id=\"7f25614\" data-element_type=\"widget\" data-e-type=\"widget\" data-settings=\"{&quot;_animation&quot;:&quot;fadeInRight&quot;}\" data-widget_type=\"text-editor.default\">\n\t\t\t\t<div class=\"elementor-widget-container\">\n\t\t\t\t\t\t\t\t\t<h3 data-start=\"919\" data-end=\"947\">\ud83d\udce3 <strong data-start=\"926\" data-end=\"942\">Social Media<\/strong> \ud83d\udce3<\/h3><p data-start=\"948\" data-end=\"1087\">We shape your brand\u2019s social media identity and provide content planning and management.\nWith the right content, we strengthen your brand awareness and digital presence.<\/p>\t\t\t\t\t\t\t\t<\/div>\n\t\t\t\t<\/div>\n\t\t\t\t<\/div>\n\t\t<div class=\"elementor-element elementor-element-0968b1e e-con-full e-flex e-con e-child\" data-id=\"0968b1e\" data-element_type=\"container\" data-e-type=\"container\">\n\t\t\t\t<div class=\"elementor-element elementor-element-d6a7ac5 elementor-invisible elementor-widget elementor-widget-text-editor\" data-id=\"d6a7ac5\" data-element_type=\"widget\" data-e-type=\"widget\" data-settings=\"{&quot;_animation&quot;:&quot;fadeInUp&quot;}\" data-widget_type=\"text-editor.default\">\n\t\t\t\t<div class=\"elementor-widget-container\">\n\t\t\t\t\t\t\t\t\t<h3 data-start=\"1089\" data-end=\"1127\">\ud83d\udee0\ufe0f <strong data-start=\"1097\" data-end=\"1121\">Support &amp; Optimization<\/strong> \ud83d\udee0\ufe0f<\/h3><p data-start=\"1128\" data-end=\"1307\">We don\u2019t just deliver your website \u2014 we stay by your side.\nWith ongoing updates, technical support, and performance enhancements, we ensure your website always operates at its best.<\/p>\t\t\t\t\t\t\t\t<\/div>\n\t\t\t\t<\/div>\n\t\t\t\t<\/div>\n\t\t\t\t<\/div>\n\t\t<div class=\"elementor-element elementor-element-60d16e3 e-flex e-con-boxed e-con e-parent\" data-id=\"60d16e3\" data-element_type=\"container\" data-e-type=\"container\">\n\t\t\t\t\t<div class=\"e-con-inner\">\n\t\t\t\t<div class=\"elementor-element elementor-element-2f8ba91 elementor-widget elementor-widget-spacer\" data-id=\"2f8ba91\" data-element_type=\"widget\" data-e-type=\"widget\" data-widget_type=\"spacer.default\">\n\t\t\t\t<div class=\"elementor-widget-container\">\n\t\t\t\t\t\t\t<div class=\"elementor-spacer\">\n\t\t\t<div class=\"elementor-spacer-inner\"><\/div>\n\t\t<\/div>\n\t\t\t\t\t\t<\/div>\n\t\t\t\t<\/div>\n\t\t\t\t\t<\/div>\n\t\t\t\t<\/div>\n\t\t<div class=\"elementor-element elementor-element-44f50c8 e-con-full e-flex e-con e-parent\" data-id=\"44f50c8\" data-element_type=\"container\" data-e-type=\"container\">\n\t\t\t\t<div class=\"elementor-element elementor-element-fbbc05f elementor-invisible elementor-widget elementor-widget-html\" data-id=\"fbbc05f\" data-element_type=\"widget\" data-e-type=\"widget\" data-settings=\"{&quot;_animation&quot;:&quot;swing&quot;}\" data-widget_type=\"html.default\">\n\t\t\t\t<div class=\"elementor-widget-container\">\n\t\t\t\t\t<div style=\"    text-align:center;    padding: 80px 35px;    background: linear-gradient(135deg, #00C6FB, #7A20FF);    border-radius: 22px;    box-shadow: 0 15px 40px rgba(0,0,0,0.28);    color:#fff;    font-family: 'Segoe UI', sans-serif;\">\r\n\r\n  <p style=\"font-size: 32px; font-weight: 800; margin-bottom: 10px; letter-spacing: 0.6px;\">\r\n    Bizimle ileti\u015fime ge\u00e7mek i\u00e7in \u2728\r\n  <\/p>\r\n\r\n  <!-- Mini slogan eklendi -->\r\n  <p style=\"font-size: 18px; opacity: 0.92; margin-bottom: 34px;\">\r\n    \u201cSitenizi birlikte in\u015fa edelim.\u201d\r\n  <\/p>\r\n\r\n  <a href=\"https:\/\/buildursite.com\/en\/iletisim\/\"\r\n     style=\"        display:inline-flex;        align-items:center;        gap: 10px;        padding: 17px 46px;        background:#ffffff;        color:#7A20FF;        font-size:20px;        font-weight:700;        border-radius:60px;        text-decoration:none;        box-shadow: 0 10px 24px rgba(255,255,255,0.35);        transition: all 0.35s ease;     \">\r\n     <!-- Buton ikon eklendi -->\r\n     <span style=\"font-size:22px;\">\ud83d\udcac<\/span> Contact\r\n  <\/a>\r\n\r\n<\/div>\r\n\r\n<style>\r\na:hover {\r\n    transform: translateY(-4px) scale(1.08);\r\n    box-shadow: 0 16px 40px rgba(255,255,255,0.55);\r\n}\r\n<\/style>\r\n\t\t\t\t<\/div>\n\t\t\t\t<\/div>\n\t\t\t\t<\/div>\n\t\t\t\t<\/div>","protected":false},"excerpt":{"rendered":"<p>Hayallerinizi ger\u00e7e\u011fe d\u00f6n\u00fc\u015ft\u00fcren web tasar\u0131mlar\u0131. Modern, h\u0131zl\u0131 ve kullan\u0131c\u0131 odakl\u0131 sitelerle markan\u0131z\u0131 dijital d\u00fcnyada \u00f6ne \u00e7\u0131kar\u0131yoruz. Size \u00f6zel tasar\u0131m, g\u00fc\u00e7l\u00fc altyap\u0131 ve sat\u0131\u015f odakl\u0131 \u00e7\u00f6z\u00fcmler \u2014 hepsi tek bir yerde. \u2728 Tasar\u0131m \u2728 Markan\u0131z\u0131 en iyi \u015fekilde yans\u0131tan, modern ve kullan\u0131c\u0131 deneyimi odakl\u0131 web tasar\u0131mlar\u0131 olu\u015fturuyoruz. Sadelik, estetik ve fonksiyonelli\u011fi bir araya getirerek ziyaret\u00e7ilerin ilk [&hellip;]<\/p>","protected":false},"author":1,"featured_media":0,"parent":0,"menu_order":0,"comment_status":"closed","ping_status":"closed","template":"","meta":{"site-sidebar-layout":"no-sidebar","site-content-layout":"page-builder","ast-site-content-layout":"full-width-container","site-content-style":"default","site-sidebar-style":"default","ast-global-header-display":"","ast-banner-title-visibility":"","ast-main-header-display":"","ast-hfb-above-header-display":"","ast-hfb-below-header-display":"","ast-hfb-mobile-header-display":"","site-post-title":"disabled","ast-breadcrumbs-content":"","ast-featured-img":"disabled","footer-sml-layout":"","ast-disable-related-posts":"","theme-transparent-header-meta":"","adv-header-id-meta":"","stick-header-meta":"","header-above-stick-meta":"","header-main-stick-meta":"","header-below-stick-meta":"","astra-migrate-meta-layouts":"set","ast-page-background-enabled":"default","ast-page-background-meta":{"desktop":{"background-color":"","background-image":"","background-repeat":"repeat","background-position":"center center","background-size":"auto","background-attachment":"scroll","background-type":"","background-media":"","overlay-type":"","overlay-color":"","overlay-opacity":"","overlay-gradient":""},"tablet":{"background-color":"","background-image":"","background-repeat":"repeat","background-position":"center center","background-size":"auto","background-attachment":"scroll","background-type":"","background-media":"","overlay-type":"","overlay-color":"","overlay-opacity":"","overlay-gradient":""},"mobile":{"background-color":"","background-image":"","background-repeat":"repeat","background-position":"center center","background-size":"auto","background-attachment":"scroll","background-type":"","background-media":"","overlay-type":"","overlay-color":"","overlay-opacity":"","overlay-gradient":""}},"ast-content-background-meta":{"desktop":{"background-color":"var(--ast-global-color-5)","background-image":"","background-repeat":"repeat","background-position":"center center","background-size":"auto","background-attachment":"scroll","background-type":"","background-media":"","overlay-type":"","overlay-color":"","overlay-opacity":"","overlay-gradient":""},"tablet":{"background-color":"var(--ast-global-color-5)","background-image":"","background-repeat":"repeat","background-position":"center center","background-size":"auto","background-attachment":"scroll","background-type":"","background-media":"","overlay-type":"","overlay-color":"","overlay-opacity":"","overlay-gradient":""},"mobile":{"background-color":"var(--ast-global-color-5)","background-image":"","background-repeat":"repeat","background-position":"center center","background-size":"auto","background-attachment":"scroll","background-type":"","background-media":"","overlay-type":"","overlay-color":"","overlay-opacity":"","overlay-gradient":""}},"footnotes":""},"class_list":["post-3328","page","type-page","status-publish","hentry"],"aioseo_notices":[],"_hostinger_reach_plugin_has_subscription_block":false,"_hostinger_reach_plugin_is_elementor":false,"_links":{"self":[{"href":"https:\/\/buildursite.com\/en\/wp-json\/wp\/v2\/pages\/3328","targetHints":{"allow":["GET"]}}],"collection":[{"href":"https:\/\/buildursite.com\/en\/wp-json\/wp\/v2\/pages"}],"about":[{"href":"https:\/\/buildursite.com\/en\/wp-json\/wp\/v2\/types\/page"}],"author":[{"embeddable":true,"href":"https:\/\/buildursite.com\/en\/wp-json\/wp\/v2\/users\/1"}],"replies":[{"embeddable":true,"href":"https:\/\/buildursite.com\/en\/wp-json\/wp\/v2\/comments?post=3328"}],"version-history":[{"count":47,"href":"https:\/\/buildursite.com\/en\/wp-json\/wp\/v2\/pages\/3328\/revisions"}],"predecessor-version":[{"id":3533,"href":"https:\/\/buildursite.com\/en\/wp-json\/wp\/v2\/pages\/3328\/revisions\/3533"}],"wp:attachment":[{"href":"https:\/\/buildursite.com\/en\/wp-json\/wp\/v2\/media?parent=3328"}],"curies":[{"name":"wp","href":"https:\/\/api.w.org\/{rel}","templated":true}]}}