{"id":3386,"date":"2025-11-11T14:58:12","date_gmt":"2025-11-11T14:58:12","guid":{"rendered":"https:\/\/buildursite.com\/?page_id=3386"},"modified":"2025-11-13T12:10:29","modified_gmt":"2025-11-13T12:10:29","slug":"hakkimizda","status":"publish","type":"page","link":"https:\/\/buildursite.com\/en\/hakkimizda\/","title":{"rendered":"About Us"},"content":{"rendered":"<div data-elementor-type=\"wp-page\" data-elementor-id=\"3386\" class=\"elementor elementor-3386\">\n\t\t\t\t<div class=\"elementor-element elementor-element-310a105 e-con-full e-flex e-con e-parent\" data-id=\"310a105\" data-element_type=\"container\" data-e-type=\"container\">\n\t\t\t\t<div class=\"elementor-element elementor-element-73f1f7f elementor-invisible elementor-widget elementor-widget-image\" data-id=\"73f1f7f\" data-element_type=\"widget\" data-e-type=\"widget\" data-settings=\"{&quot;_animation&quot;:&quot;fadeInUp&quot;}\" data-widget_type=\"image.default\">\n\t\t\t\t<div class=\"elementor-widget-container\">\n\t\t\t\t\t\t\t\t\t\t\t\t\t\t\t<img fetchpriority=\"high\" decoding=\"async\" width=\"2360\" height=\"700\" src=\"https:\/\/buildursite.com\/wp-content\/uploads\/2025\/11\/HomePage_Hakkimizda_Banner.webp\" class=\"attachment-full size-full wp-image-3563\" alt=\"\" srcset=\"https:\/\/buildursite.com\/wp-content\/uploads\/2025\/11\/HomePage_Hakkimizda_Banner.webp 2360w, https:\/\/buildursite.com\/wp-content\/uploads\/2025\/11\/HomePage_Hakkimizda_Banner-300x89.webp 300w, https:\/\/buildursite.com\/wp-content\/uploads\/2025\/11\/HomePage_Hakkimizda_Banner-1024x304.webp 1024w, https:\/\/buildursite.com\/wp-content\/uploads\/2025\/11\/HomePage_Hakkimizda_Banner-768x228.webp 768w, https:\/\/buildursite.com\/wp-content\/uploads\/2025\/11\/HomePage_Hakkimizda_Banner-1536x456.webp 1536w, https:\/\/buildursite.com\/wp-content\/uploads\/2025\/11\/HomePage_Hakkimizda_Banner-2048x607.webp 2048w, https:\/\/buildursite.com\/wp-content\/uploads\/2025\/11\/HomePage_Hakkimizda_Banner-600x178.webp 600w\" sizes=\"(max-width: 2360px) 100vw, 2360px\" \/>\t\t\t\t\t\t\t\t\t\t\t\t\t\t\t<\/div>\n\t\t\t\t<\/div>\n\t\t\t\t<\/div>\n\t\t<div class=\"elementor-element elementor-element-e80516c e-con-full e-flex e-con e-parent\" data-id=\"e80516c\" data-element_type=\"container\" data-e-type=\"container\">\n\t\t\t\t<div class=\"elementor-element elementor-element-2c39024 elementor-invisible elementor-widget elementor-widget-text-editor\" data-id=\"2c39024\" data-element_type=\"widget\" data-e-type=\"widget\" data-settings=\"{&quot;_animation&quot;:&quot;fadeInUp&quot;}\" data-widget_type=\"text-editor.default\">\n\t\t\t\t<div class=\"elementor-widget-container\">\n\t\t\t\t\t\t\t\t\t<h2 data-start=\"219\" data-end=\"236\"><strong data-start=\"222\" data-end=\"236\">About Us<\/strong><\/h2><p data-start=\"238\" data-end=\"499\">We are a team that creates modern, user-focused web solutions designed to help brands establish a strong presence in the digital world.\nWe see every project not just as a task, but as your brand\u2019s first digital impression and an investment in its future.<\/p><p data-start=\"501\" data-end=\"734\">We provide professional services in web design, e-commerce infrastructure, software development, brand positioning, and digital marketing\u2014bringing together all the essential processes businesses need to stand out in the digital world under one roof.<\/p><p data-start=\"736\" data-end=\"851\">We believe every brand has a story. Our job is to tell that story the right way in the digital world.<\/p><hr data-start=\"853\" data-end=\"856\" \/><h3 data-start=\"858\" data-end=\"884\"><strong data-start=\"862\" data-end=\"884\">How We Work ?<\/strong><\/h3><ol data-start=\"886\" data-end=\"1491\"><li data-start=\"886\" data-end=\"994\"><p data-start=\"889\" data-end=\"994\"><strong data-start=\"889\" data-end=\"908\">We Listen to You<\/strong><br data-start=\"908\" data-end=\"911\" \/>We begin by analyzing your needs, target audience, and the character of your brand.<\/p><\/li><li data-start=\"996\" data-end=\"1156\"><p data-start=\"999\" data-end=\"1156\"><strong data-start=\"999\" data-end=\"1032\">We Define the Right Strategy<\/strong><br data-start=\"1032\" data-end=\"1035\" \/>We plan the most effective approach in terms of design, infrastructure, and user experience, and we clearly share the entire project process with you.<\/p><\/li><li data-start=\"1158\" data-end=\"1337\"><p data-start=\"1161\" data-end=\"1337\"><strong data-start=\"1161\" data-end=\"1193\">We Design and Develop<\/strong><br data-start=\"1193\" data-end=\"1196\" \/>We create unique, modern, and high-performance websites. Mobile responsiveness, SEO-ready infrastructure, and speed optimization are standard practices for us.<\/p><\/li><li data-start=\"1339\" data-end=\"1491\"><p data-start=\"1342\" data-end=\"1491\"><strong data-start=\"1342\" data-end=\"1386\">We Continue Supporting You After Delivery<\/strong><br data-start=\"1386\" data-end=\"1389\" \/>Our work doesn\u2019t end with delivery. We continue to provide updates, improvements, and technical support whenever needed.<\/p><\/li><\/ol><hr data-start=\"1493\" data-end=\"1496\" \/><h3 data-start=\"1498\" data-end=\"1581\"><strong data-start=\"1502\" data-end=\"1581\">For Us, Web Design Is Not Just Writing Code \u2014 It\u2019s Crafting an Experience.<\/strong><\/h3><p data-start=\"1583\" data-end=\"1597\">Your website\u2019s:<\/p><ul data-start=\"1599\" data-end=\"1700\"><li data-start=\"1599\" data-end=\"1616\"><p data-start=\"1601\" data-end=\"1616\">Fast loading,<\/p><\/li><li data-start=\"1617\" data-end=\"1639\"><p data-start=\"1619\" data-end=\"1639\">Being sales-oriented,<\/p><\/li><li data-start=\"1640\" data-end=\"1670\"><p data-start=\"1642\" data-end=\"1670\">Having an aesthetic and modern appearance,<\/p><\/li><li data-start=\"1671\" data-end=\"1700\"><p data-start=\"1673\" data-end=\"1700\">Guiding users effectively,<\/p><\/li><\/ul><p data-start=\"1702\" data-end=\"1822\">We focus on every detail like these. Because a website that looks good is not enough; it must also <strong data-start=\"1800\" data-end=\"1813\">\u00e7al\u0131\u015fmas\u0131<\/strong> gerekir.<\/p><hr data-start=\"1824\" data-end=\"1827\" \/><h3 data-start=\"1829\" data-end=\"1847\"><strong data-start=\"1833\" data-end=\"1847\">Why Us?<\/strong><\/h3><p data-start=\"1849\" data-end=\"2043\">\u2714\ufe0f Custom design for every project (no templates)<br data-start=\"1891\" data-end=\"1894\" \/>\u2714\ufe0f SEO-friendly infrastructure<br data-start=\"1915\" data-end=\"1918\" \/>\u2714\ufe0f Fast, secure, and mobile-responsive websites<br data-start=\"1959\" data-end=\"1962\" \/>\u2714\ufe0f Post-delivery support and maintenance<br data-start=\"1995\" data-end=\"1998\" \/>\u2714\ufe0f A 100% customer satisfaction\u2013oriented approach<\/p><p data-start=\"2045\" data-end=\"2109\">We share the same goal with you:<br data-start=\"2073\" data-end=\"2076\" \/><strong data-start=\"2076\" data-end=\"2109\">To grow your brand in the digital world.<\/strong><\/p><hr data-start=\"2111\" data-end=\"2114\" \/><h3 data-start=\"2116\" data-end=\"2136\"><strong data-start=\"2120\" data-end=\"2134\">Our Mission<\/strong><\/h3><p data-start=\"2137\" data-end=\"2236\">To create innovative, user-focused solutions that strengthen brands\u2019 presence in the digital world.<\/p><h3 data-start=\"2238\" data-end=\"2258\"><strong data-start=\"2242\" data-end=\"2256\">Our Vision<\/strong><\/h3><p data-start=\"2259\" data-end=\"2360\">To become one of the most trusted and innovative web design agencies preferred by businesses both locally and globally.<\/p><hr data-start=\"2362\" data-end=\"2365\" \/><p data-start=\"2367\" data-end=\"2475\">If you're ready, we can start working to help you leave a strong mark in the digital world.<br data-start=\"2449\" data-end=\"2452\" \/><strong data-start=\"2452\" data-end=\"2475\">Let\u2019s grow together.<\/strong><\/p>\t\t\t\t\t\t\t\t<\/div>\n\t\t\t\t<\/div>\n\t\t\t\t<\/div>\n\t\t<div class=\"elementor-element elementor-element-8e1104b e-flex e-con-boxed e-con e-parent\" data-id=\"8e1104b\" data-element_type=\"container\" data-e-type=\"container\">\n\t\t\t\t\t<div class=\"e-con-inner\">\n\t\t\t\t<div class=\"elementor-element elementor-element-896787a animated-slow elementor-invisible elementor-widget elementor-widget-html\" data-id=\"896787a\" data-element_type=\"widget\" data-e-type=\"widget\" data-settings=\"{&quot;_animation&quot;:&quot;swing&quot;}\" data-widget_type=\"html.default\">\n\t\t\t\t<div class=\"elementor-widget-container\">\n\t\t\t\t\t<div style=\"    text-align:center;    padding: 80px 35px;    background: linear-gradient(135deg, #00C6FB, #7A20FF);    border-radius: 22px;    box-shadow: 0 15px 40px rgba(0,0,0,0.28);    color:#fff;    font-family: 'Segoe UI', sans-serif;\">\r\n\r\n  <p style=\"font-size: 32px; font-weight: 800; margin-bottom: 10px; letter-spacing: 0.6px;\">\r\n    Bizimle ileti\u015fime ge\u00e7mek i\u00e7in \u2728\r\n  <\/p>\r\n\r\n  <!-- Mini slogan eklendi -->\r\n  <p style=\"font-size: 18px; opacity: 0.92; margin-bottom: 34px;\">\r\n    \u201cSitenizi birlikte in\u015fa edelim.\u201d\r\n  <\/p>\r\n\r\n  <a href=\"https:\/\/buildursite.com\/en\/iletisim\/\"\r\n     style=\"        display:inline-flex;        align-items:center;        gap: 10px;        padding: 17px 46px;        background:#ffffff;        color:#7A20FF;        font-size:20px;        font-weight:700;        border-radius:60px;        text-decoration:none;        box-shadow: 0 10px 24px rgba(255,255,255,0.35);        transition: all 0.35s ease;     \">\r\n     <!-- Buton ikon eklendi -->\r\n     <span style=\"font-size:22px;\">\ud83d\udcac<\/span> Contact\r\n  <\/a>\r\n\r\n<\/div>\r\n\r\n<style>\r\na:hover {\r\n    transform: translateY(-4px) scale(1.08);\r\n    box-shadow: 0 16px 40px rgba(255,255,255,0.55);\r\n}\r\n<\/style>\r\n\t\t\t\t<\/div>\n\t\t\t\t<\/div>\n\t\t\t\t\t<\/div>\n\t\t\t\t<\/div>\n\t\t\t\t<\/div>","protected":false},"excerpt":{"rendered":"<p>Hakk\u0131m\u0131zda Biz, markalar\u0131n dijital d\u00fcnyada g\u00fc\u00e7l\u00fc bir yer edinmesini sa\u011flayan, modern ve kullan\u0131c\u0131 odakl\u0131 web \u00e7\u00f6z\u00fcmleri \u00fcreten bir ekibiz. Her projemizi yaln\u0131zca bir \u00e7al\u0131\u015fma olarak de\u011fil, markan\u0131z\u0131n dijitaldeki ilk izlenimi ve gelece\u011fe yapt\u0131\u011f\u0131 bir yat\u0131r\u0131m olarak g\u00f6r\u00fcyoruz. Web tasar\u0131m\u0131, e-ticaret altyap\u0131s\u0131, yaz\u0131l\u0131m geli\u015ftirme, marka konumland\u0131rma ve dijital pazarlama alanlar\u0131nda profesyonel hizmet sunuyor; i\u015fletmelerin dijitalde fark [&hellip;]<\/p>","protected":false},"author":1,"featured_media":0,"parent":0,"menu_order":0,"comment_status":"closed","ping_status":"closed","template":"","meta":{"site-sidebar-layout":"no-sidebar","site-content-layout":"page-builder","ast-site-content-layout":"full-width-container","site-content-style":"unboxed","site-sidebar-style":"unboxed","ast-global-header-display":"","ast-banner-title-visibility":"","ast-main-header-display":"","ast-hfb-above-header-display":"","ast-hfb-below-header-display":"","ast-hfb-mobile-header-display":"","site-post-title":"disabled","ast-breadcrumbs-content":"","ast-featured-img":"disabled","footer-sml-layout":"","ast-disable-related-posts":"","theme-transparent-header-meta":"","adv-header-id-meta":"","stick-header-meta":"","header-above-stick-meta":"","header-main-stick-meta":"","header-below-stick-meta":"","astra-migrate-meta-layouts":"set","ast-page-background-enabled":"default","ast-page-background-meta":{"desktop":{"background-color":"","background-image":"","background-repeat":"repeat","background-position":"center center","background-size":"auto","background-attachment":"scroll","background-type":"","background-media":"","overlay-type":"","overlay-color":"","overlay-opacity":"","overlay-gradient":""},"tablet":{"background-color":"","background-image":"","background-repeat":"repeat","background-position":"center center","background-size":"auto","background-attachment":"scroll","background-type":"","background-media":"","overlay-type":"","overlay-color":"","overlay-opacity":"","overlay-gradient":""},"mobile":{"background-color":"","background-image":"","background-repeat":"repeat","background-position":"center center","background-size":"auto","background-attachment":"scroll","background-type":"","background-media":"","overlay-type":"","overlay-color":"","overlay-opacity":"","overlay-gradient":""}},"ast-content-background-meta":{"desktop":{"background-color":"var(--ast-global-color-5)","background-image":"","background-repeat":"repeat","background-position":"center center","background-size":"auto","background-attachment":"scroll","background-type":"","background-media":"","overlay-type":"","overlay-color":"","overlay-opacity":"","overlay-gradient":""},"tablet":{"background-color":"var(--ast-global-color-5)","background-image":"","background-repeat":"repeat","background-position":"center center","background-size":"auto","background-attachment":"scroll","background-type":"","background-media":"","overlay-type":"","overlay-color":"","overlay-opacity":"","overlay-gradient":""},"mobile":{"background-color":"var(--ast-global-color-5)","background-image":"","background-repeat":"repeat","background-position":"center center","background-size":"auto","background-attachment":"scroll","background-type":"","background-media":"","overlay-type":"","overlay-color":"","overlay-opacity":"","overlay-gradient":""}},"footnotes":""},"class_list":["post-3386","page","type-page","status-publish","hentry"],"aioseo_notices":[],"_hostinger_reach_plugin_has_subscription_block":false,"_hostinger_reach_plugin_is_elementor":false,"_links":{"self":[{"href":"https:\/\/buildursite.com\/en\/wp-json\/wp\/v2\/pages\/3386","targetHints":{"allow":["GET"]}}],"collection":[{"href":"https:\/\/buildursite.com\/en\/wp-json\/wp\/v2\/pages"}],"about":[{"href":"https:\/\/buildursite.com\/en\/wp-json\/wp\/v2\/types\/page"}],"author":[{"embeddable":true,"href":"https:\/\/buildursite.com\/en\/wp-json\/wp\/v2\/users\/1"}],"replies":[{"embeddable":true,"href":"https:\/\/buildursite.com\/en\/wp-json\/wp\/v2\/comments?post=3386"}],"version-history":[{"count":16,"href":"https:\/\/buildursite.com\/en\/wp-json\/wp\/v2\/pages\/3386\/revisions"}],"predecessor-version":[{"id":3588,"href":"https:\/\/buildursite.com\/en\/wp-json\/wp\/v2\/pages\/3386\/revisions\/3588"}],"wp:attachment":[{"href":"https:\/\/buildursite.com\/en\/wp-json\/wp\/v2\/media?parent=3386"}],"curies":[{"name":"wp","href":"https:\/\/api.w.org\/{rel}","templated":true}]}}