{"id":3434,"date":"2025-11-11T20:06:03","date_gmt":"2025-11-11T20:06:03","guid":{"rendered":"https:\/\/buildursite.com\/?page_id=3434"},"modified":"2025-11-23T12:31:03","modified_gmt":"2025-11-23T12:31:03","slug":"iletisim","status":"publish","type":"page","link":"https:\/\/buildursite.com\/en\/iletisim\/","title":{"rendered":"Contact"},"content":{"rendered":"<div data-elementor-type=\"wp-page\" data-elementor-id=\"3434\" class=\"elementor elementor-3434\">\n\t\t\t\t<div class=\"elementor-element elementor-element-7ab7e77 e-con-full e-flex e-con e-parent\" data-id=\"7ab7e77\" data-element_type=\"container\" data-e-type=\"container\">\n\t\t\t\t<div class=\"elementor-element elementor-element-62c0f0d elementor-invisible elementor-widget elementor-widget-image\" data-id=\"62c0f0d\" data-element_type=\"widget\" data-e-type=\"widget\" data-settings=\"{&quot;_animation&quot;:&quot;bounceInRight&quot;}\" data-widget_type=\"image.default\">\n\t\t\t\t<div class=\"elementor-widget-container\">\n\t\t\t\t\t\t\t\t\t\t\t\t\t\t\t<img fetchpriority=\"high\" decoding=\"async\" width=\"1314\" height=\"360\" src=\"https:\/\/buildursite.com\/wp-content\/uploads\/2025\/11\/360_F_524039911_SJfffOLKTk1HZvTPyF9vv1FN6oCipyVi.jpg\" class=\"attachment-full size-full wp-image-3537\" alt=\"\" srcset=\"https:\/\/buildursite.com\/wp-content\/uploads\/2025\/11\/360_F_524039911_SJfffOLKTk1HZvTPyF9vv1FN6oCipyVi.jpg 1314w, https:\/\/buildursite.com\/wp-content\/uploads\/2025\/11\/360_F_524039911_SJfffOLKTk1HZvTPyF9vv1FN6oCipyVi-300x82.jpg 300w, https:\/\/buildursite.com\/wp-content\/uploads\/2025\/11\/360_F_524039911_SJfffOLKTk1HZvTPyF9vv1FN6oCipyVi-1024x281.jpg 1024w, https:\/\/buildursite.com\/wp-content\/uploads\/2025\/11\/360_F_524039911_SJfffOLKTk1HZvTPyF9vv1FN6oCipyVi-768x210.jpg 768w, https:\/\/buildursite.com\/wp-content\/uploads\/2025\/11\/360_F_524039911_SJfffOLKTk1HZvTPyF9vv1FN6oCipyVi-600x164.jpg 600w\" sizes=\"(max-width: 1314px) 100vw, 1314px\" \/>\t\t\t\t\t\t\t\t\t\t\t\t\t\t\t<\/div>\n\t\t\t\t<\/div>\n\t\t\t\t<\/div>\n\t\t<div class=\"elementor-element elementor-element-7d4c718 e-con-full e-flex e-con e-parent\" data-id=\"7d4c718\" data-element_type=\"container\" data-e-type=\"container\">\n\t\t<div class=\"elementor-element elementor-element-38a910d e-con-full e-flex e-con e-child\" data-id=\"38a910d\" data-element_type=\"container\" data-e-type=\"container\">\n\t\t\t\t<div class=\"elementor-element elementor-element-dd1f2aa elementor-invisible elementor-widget elementor-widget-html\" data-id=\"dd1f2aa\" data-element_type=\"widget\" data-e-type=\"widget\" data-settings=\"{&quot;_animation&quot;:&quot;fadeInLeft&quot;}\" data-widget_type=\"html.default\">\n\t\t\t\t<div class=\"elementor-widget-container\">\n\t\t\t\t\t<!-- \u0130LET\u0130\u015e\u0130M B\u00d6L\u00dcM\u00dc -->\r\n<section style=\"background: linear-gradient(135deg, #f3f6fb, #e9edf5); padding: 80px 20px; font-family: 'Poppins', sans-serif;\">\r\n  <div style=\"max-width: 1100px; margin: 0 auto; display: flex; flex-wrap: wrap; justify-content: center; align-items: flex-start; gap: 40px;\">\r\n    \r\n    <!-- Sol Bilgi Alan\u0131 -->\r\n    <div style=\"flex: 1 1 350px; color: #2c3e50; position: relative;\">\r\n      <div style=\"display: flex; align-items: center; gap: 15px; margin-bottom: 20px;\">\r\n        <i class=\"fas fa-comments\" style=\"color: #007bff; font-size: 36px;\"><\/i>\r\n        <h2 style=\"font-size: 34px; font-weight: 700; margin: 0;\">Bizimle \u0130leti\u015fime Ge\u00e7in<\/h2>\r\n      <\/div>\r\n\r\n      <p style=\"font-size: 16px; line-height: 1.8; color: #555; margin-bottom: 20px;\">\r\n        <i class=\"fas fa-handshake\" style=\"color:#007bff; margin-right:8px;\"><\/i>\r\n        Sorular\u0131n\u0131z, i\u015f birli\u011fi teklifleri veya projelerinizle ilgili bizimle ileti\u015fime ge\u00e7mekten \u00e7ekinmeyin.  \r\n        <br>\r\n        <i class=\"fas fa-envelope-open-text\" style=\"color:#007bff; margin-right:8px;\"><\/i>\r\n        Ekibimiz en k\u0131sa s\u00fcrede size d\u00f6n\u00fc\u015f yapacakt\u0131r.\r\n      <\/p>\r\n\r\n      <div style=\"display:flex; align-items:center; gap:10px; margin-top:20px;\">\r\n        <i class=\"fas fa-arrow-right\" style=\"color:#007bff;\"><\/i>\r\n        <a href=\"https:\/\/wa.me\/905552580007\" target=\"_blank\" class=\"whatsapp-link\">\r\n          Size yard\u0131mc\u0131 olmaktan memnuniyet duyar\u0131z.\r\n        <\/a>\r\n      <\/div>\r\n\r\n      <!-- Dekoratif ikon -->\r\n      <div style=\"position: absolute; top: -20px; right: -20px; opacity: 0.1;\">\r\n        <i class=\"fas fa-paper-plane\" style=\"font-size: 110px; color: #007bff;\"><\/i>\r\n      <\/div>\r\n    <\/div>\r\n\r\n    <!-- Sa\u011f Form Alan\u0131 -->\r\n    <div style=\"flex: 1 1 350px; background: #fff; padding: 35px; border-radius: 16px; box-shadow: 0 10px 25px rgba(0,0,0,0.08);\">\r\n      <div style=\"text-align: center; margin-bottom: 25px;\">\r\n        <i class=\"fas fa-pen-nib\" style=\"color:#007bff; font-size: 28px; margin-bottom:8px;\"><\/i>\r\n        <h3 style=\"font-size: 22px; font-weight: 600; color: #2c3e50; margin:0;\">\u0130leti\u015fim Formu<\/h3>\r\n      <\/div>\r\n\r\n      <!-- WPForms K\u0131sa Kodu -->\r\n      <div style=\"font-size:16px;\">\r\n        <div class=\"wpforms-container\" id=\"wpforms-12\"><form id=\"wpforms-form-12\" class=\"wpforms-validate wpforms-form wpforms-ajax-form\" data-formid=\"12\" method=\"post\" enctype=\"multipart\/form-data\" action=\"\/en\/wp-json\/wp\/v2\/pages\/3434\" data-token=\"847dcf3a4b483e82d6a7edb8801458ee\" data-token-time=\"1778079238\" data-trp-original-action=\"\/en\/wp-json\/wp\/v2\/pages\/3434\"><noscript class=\"wpforms-error-noscript\">Please enable JavaScript in your browser to complete this form.<\/noscript><div class=\"wpforms-field-container\"><div id=\"wpforms-12-field_0-container\" class=\"wpforms-field wpforms-field-name\" data-field-id=\"0\"><label class=\"wpforms-field-label wpforms-label-hide\">\u0130sim <span class=\"wpforms-required-label\">*<\/span><\/label><div class=\"wpforms-field-row wpforms-field-large\"><div class=\"wpforms-field-row-block wpforms-first wpforms-one-half\"><input type=\"text\" id=\"wpforms-12-field_0\" class=\"wpforms-field-name-first wpforms-field-required\" name=\"wpforms[fields][0][first]\" required><label for=\"wpforms-12-field_0\" class=\"wpforms-field-sublabel after\">First<\/label><\/div><div class=\"wpforms-field-row-block wpforms-one-half\"><input type=\"text\" id=\"wpforms-12-field_0-last\" class=\"wpforms-field-name-last wpforms-field-required\" name=\"wpforms[fields][0][last]\" required><label for=\"wpforms-12-field_0-last\" class=\"wpforms-field-sublabel after\">Last<\/label><\/div><\/div><\/div><div id=\"wpforms-12-field_3-container\" class=\"wpforms-field wpforms-field-number\" data-field-id=\"3\"><label class=\"wpforms-field-label\" for=\"wpforms-12-field_3\">Telefon Numaras\u0131 <span class=\"wpforms-required-label\">*<\/span><\/label><input type=\"number\" id=\"wpforms-12-field_3\" class=\"wpforms-field-medium wpforms-field-required\" name=\"wpforms[fields][3]\" step=\"any\" required><\/div><div id=\"wpforms-12-field_7-container\" class=\"wpforms-field wpforms-field-email\" data-field-id=\"7\"><label class=\"wpforms-field-label\" for=\"wpforms-12-field_7\">E-posta <span class=\"wpforms-required-label\">*<\/span><\/label><input type=\"email\" id=\"wpforms-12-field_7\" class=\"wpforms-field-medium wpforms-field-required\" name=\"wpforms[fields][7]\" spellcheck=\"false\" required><\/div><div id=\"wpforms-12-field_6-container\" class=\"wpforms-field wpforms-field-checkbox\" data-field-id=\"6\"><label class=\"wpforms-field-label\">\u0130leti\u015fim Se\u00e7enekleri <span class=\"wpforms-required-label\">*<\/span><\/label><ul id=\"wpforms-12-field_6\" class=\"wpforms-field-required\"><li class=\"choice-1 depth-1\"><input type=\"checkbox\" id=\"wpforms-12-field_6_1\" name=\"wpforms[fields][6][]\" value=\"Websitesi tasarlatmak istiyorum.\" required><label class=\"wpforms-field-label-inline\" for=\"wpforms-12-field_6_1\">Websitesi tasarlatmak istiyorum.<\/label><\/li><li class=\"choice-2 depth-1\"><input type=\"checkbox\" id=\"wpforms-12-field_6_2\" name=\"wpforms[fields][6][]\" value=\"Genel bilgi almak istiyorum.\" required><label class=\"wpforms-field-label-inline\" for=\"wpforms-12-field_6_2\">Genel bilgi almak istiyorum.<\/label><\/li><li class=\"choice-3 depth-1\"><input type=\"checkbox\" id=\"wpforms-12-field_6_3\" name=\"wpforms[fields][6][]\" value=\"Teknik destek istiyorum.\" required><label class=\"wpforms-field-label-inline\" for=\"wpforms-12-field_6_3\">Teknik destek istiyorum.<\/label><\/li><\/ul><\/div><div id=\"wpforms-12-field_2-container\" class=\"wpforms-field wpforms-field-textarea\" data-field-id=\"2\"><label class=\"wpforms-field-label wpforms-label-hide\" for=\"wpforms-12-field_2\">Not<\/label><textarea id=\"wpforms-12-field_2\" class=\"wpforms-field-large\" name=\"wpforms[fields][2]\" ><\/textarea><\/div><\/div><!-- .wpforms-field-container --><div class=\"wpforms-submit-container\" ><input type=\"hidden\" name=\"wpforms[id]\" value=\"12\"><input type=\"hidden\" name=\"page_title\" value=\"\"><input type=\"hidden\" name=\"page_url\" value=\"https:\/\/buildursite.com\/en\/wp-json\/wp\/v2\/pages\/3434\"><input type=\"hidden\" name=\"url_referer\" value=\"\"><button type=\"submit\" name=\"wpforms[submit]\" id=\"wpforms-submit-12\" class=\"wpforms-submit\" data-alt-text=\"G\u00f6nderiliyor\" data-submit-text=\"G\u00f6nder\" aria-live=\"assertive\" value=\"wpforms-submit\">G\u00f6nder<\/button><img decoding=\"async\" src=\"https:\/\/buildursite.com\/wp-content\/plugins\/wpforms-lite\/assets\/images\/submit-spin.svg\" class=\"wpforms-submit-spinner\" style=\"display: none;\" width=\"26\" height=\"26\" alt=\"Loading\"><\/div><input type=\"hidden\" name=\"trp-form-language\" value=\"en\"\/><\/form><\/div>  <!-- .wpforms-container -->\r\n      <\/div>\r\n    <\/div>\r\n\r\n  <\/div>\r\n<\/section>\r\n\r\n<!-- Font Awesome -->\r\n<link rel=\"stylesheet\" href=\"https:\/\/cdnjs.cloudflare.com\/ajax\/libs\/font-awesome\/6.5.0\/css\/all.min.css\">\r\n\r\n<!-- WhatsApp Link Stili + Animasyon -->\r\n<style>\r\n.whatsapp-link {\r\n  position: relative;\r\n  color: #007bff;\r\n  font-weight: 600;\r\n  text-decoration: none;\r\n  cursor: pointer;\r\n  transition: color 0.3s ease;\r\n}\r\n\r\n\/* Alt \u00e7izgi animasyonu *\/\r\n.whatsapp-link::before {\r\n  content: \"\";\r\n  position: absolute;\r\n  left: 0;\r\n  bottom: -3px;\r\n  width: 0%;\r\n  height: 2px;\r\n  background-color: #007bff;\r\n  transition: width 0.4s ease;\r\n}\r\n\r\n.whatsapp-link:hover::before {\r\n  width: 100%;\r\n}\r\n\r\n.whatsapp-link:hover {\r\n  color: #0056b3;\r\n}\r\n\r\n\/* Pop-up balonu *\/\r\n.whatsapp-link::after {\r\n  content: \"WhatsApp ile ileti\u015fime ge\u00e7in \ud83d\udcac\";\r\n  position: absolute;\r\n  bottom: 150%;\r\n  left: 50%;\r\n  transform: translateX(-50%) scale(0.9);\r\n  background-color: #007bff;\r\n  color: #fff;\r\n  padding: 7px 10px;\r\n  border-radius: 6px;\r\n  font-size: 13px;\r\n  white-space: nowrap;\r\n  opacity: 0;\r\n  pointer-events: none;\r\n  transition: all 0.3s ease;\r\n}\r\n\r\n.whatsapp-link:hover::after {\r\n  opacity: 1;\r\n  transform: translateX(-50%) scale(1);\r\n  bottom: 130%;\r\n}\r\n<\/style>\r\n\t\t\t\t<\/div>\n\t\t\t\t<\/div>\n\t\t\t\t<\/div>\n\t\t<div class=\"elementor-element elementor-element-c6e3530 e-con-full e-flex e-con e-child\" data-id=\"c6e3530\" data-element_type=\"container\" data-e-type=\"container\">\n\t\t\t\t<div class=\"elementor-element elementor-element-2b833d4 elementor-invisible elementor-widget elementor-widget-google_maps\" data-id=\"2b833d4\" data-element_type=\"widget\" data-e-type=\"widget\" data-settings=\"{&quot;_animation&quot;:&quot;fadeInRight&quot;}\" data-widget_type=\"google_maps.default\">\n\t\t\t\t<div class=\"elementor-widget-container\">\n\t\t\t\t\t\t\t<div class=\"elementor-custom-embed\">\n\t\t\t<iframe loading=\"lazy\"\n\t\t\t\t\tsrc=\"https:\/\/maps.google.com\/maps?q=Adalet%2C%20Manas%20Blv.%20Yanyolu%20No%3A47%2C%2035530%20Bayrakl%C4%B1%2F%C4%B0zmir&#038;t=m&#038;z=11&#038;output=embed&#038;iwloc=near\"\n\t\t\t\t\ttitle=\"Adalet, Manas Blv. Yanyolu No:47, 35530 Bayrakl\u0131\/\u0130zmir\"\n\t\t\t\t\taria-label=\"Adalet, Manas Blv. Yanyolu No:47, 35530 Bayrakl\u0131\/\u0130zmir\"\n\t\t\t><\/iframe>\n\t\t<\/div>\n\t\t\t\t\t\t<\/div>\n\t\t\t\t<\/div>\n\t\t\t\t<\/div>\n\t\t\t\t<\/div>\n\t\t<div class=\"elementor-element elementor-element-f37e45f e-flex e-con-boxed e-con e-parent\" data-id=\"f37e45f\" data-element_type=\"container\" data-e-type=\"container\">\n\t\t\t\t\t<div class=\"e-con-inner\">\n\t\t\t\t\t<\/div>\n\t\t\t\t<\/div>\n\t\t\t\t<\/div>","protected":false},"excerpt":{"rendered":"<p>Bizimle \u0130leti\u015fime Ge\u00e7in Sorular\u0131n\u0131z, i\u015f birli\u011fi teklifleri veya projelerinizle ilgili bizimle ileti\u015fime ge\u00e7mekten \u00e7ekinmeyin. Ekibimiz en k\u0131sa s\u00fcrede size d\u00f6n\u00fc\u015f yapacakt\u0131r. Size yard\u0131mc\u0131 olmaktan memnuniyet duyar\u0131z. \u0130leti\u015fim Formu<\/p>","protected":false},"author":1,"featured_media":0,"parent":0,"menu_order":0,"comment_status":"closed","ping_status":"closed","template":"","meta":{"site-sidebar-layout":"no-sidebar","site-content-layout":"page-builder","ast-site-content-layout":"full-width-container","site-content-style":"unboxed","site-sidebar-style":"default","ast-global-header-display":"","ast-banner-title-visibility":"","ast-main-header-display":"","ast-hfb-above-header-display":"","ast-hfb-below-header-display":"","ast-hfb-mobile-header-display":"","site-post-title":"disabled","ast-breadcrumbs-content":"","ast-featured-img":"disabled","footer-sml-layout":"","ast-disable-related-posts":"","theme-transparent-header-meta":"","adv-header-id-meta":"","stick-header-meta":"","header-above-stick-meta":"","header-main-stick-meta":"","header-below-stick-meta":"","astra-migrate-meta-layouts":"set","ast-page-background-enabled":"default","ast-page-background-meta":{"desktop":{"background-color":"","background-image":"","background-repeat":"repeat","background-position":"center center","background-size":"auto","background-attachment":"scroll","background-type":"","background-media":"","overlay-type":"","overlay-color":"","overlay-opacity":"","overlay-gradient":""},"tablet":{"background-color":"","background-image":"","background-repeat":"repeat","background-position":"center center","background-size":"auto","background-attachment":"scroll","background-type":"","background-media":"","overlay-type":"","overlay-color":"","overlay-opacity":"","overlay-gradient":""},"mobile":{"background-color":"","background-image":"","background-repeat":"repeat","background-position":"center center","background-size":"auto","background-attachment":"scroll","background-type":"","background-media":"","overlay-type":"","overlay-color":"","overlay-opacity":"","overlay-gradient":""}},"ast-content-background-meta":{"desktop":{"background-color":"var(--ast-global-color-5)","background-image":"","background-repeat":"repeat","background-position":"center center","background-size":"auto","background-attachment":"scroll","background-type":"","background-media":"","overlay-type":"","overlay-color":"","overlay-opacity":"","overlay-gradient":""},"tablet":{"background-color":"var(--ast-global-color-5)","background-image":"","background-repeat":"repeat","background-position":"center center","background-size":"auto","background-attachment":"scroll","background-type":"","background-media":"","overlay-type":"","overlay-color":"","overlay-opacity":"","overlay-gradient":""},"mobile":{"background-color":"var(--ast-global-color-5)","background-image":"","background-repeat":"repeat","background-position":"center center","background-size":"auto","background-attachment":"scroll","background-type":"","background-media":"","overlay-type":"","overlay-color":"","overlay-opacity":"","overlay-gradient":""}},"footnotes":""},"class_list":["post-3434","page","type-page","status-publish","hentry"],"aioseo_notices":[],"_hostinger_reach_plugin_has_subscription_block":false,"_hostinger_reach_plugin_is_elementor":false,"_links":{"self":[{"href":"https:\/\/buildursite.com\/en\/wp-json\/wp\/v2\/pages\/3434","targetHints":{"allow":["GET"]}}],"collection":[{"href":"https:\/\/buildursite.com\/en\/wp-json\/wp\/v2\/pages"}],"about":[{"href":"https:\/\/buildursite.com\/en\/wp-json\/wp\/v2\/types\/page"}],"author":[{"embeddable":true,"href":"https:\/\/buildursite.com\/en\/wp-json\/wp\/v2\/users\/1"}],"replies":[{"embeddable":true,"href":"https:\/\/buildursite.com\/en\/wp-json\/wp\/v2\/comments?post=3434"}],"version-history":[{"count":76,"href":"https:\/\/buildursite.com\/en\/wp-json\/wp\/v2\/pages\/3434\/revisions"}],"predecessor-version":[{"id":3616,"href":"https:\/\/buildursite.com\/en\/wp-json\/wp\/v2\/pages\/3434\/revisions\/3616"}],"wp:attachment":[{"href":"https:\/\/buildursite.com\/en\/wp-json\/wp\/v2\/media?parent=3434"}],"curies":[{"name":"wp","href":"https:\/\/api.w.org\/{rel}","templated":true}]}}